{"id":2324,"date":"2024-03-14T22:34:08","date_gmt":"2024-03-15T03:34:08","guid":{"rendered":"https:\/\/elcristal.co\/?post_type=product&#038;p=2324"},"modified":"2024-03-14T22:42:59","modified_gmt":"2024-03-15T03:42:59","slug":"esponja-de-filtro-interno-xy-2811-xinyou","status":"publish","type":"product","link":"https:\/\/elcristal.co\/?product=esponja-de-filtro-interno-xy-2811-xinyou","title":{"rendered":"Esponja De Filtro Interno Xy-2811 XINYOU"},"content":{"rendered":"<p>La esponja filtrante interna XY-2811de Xinyou es la elecci\u00f3n perfecta para mantener el agua de tu acuario limpia y saludable. Con la marca de confianza Xinyou, puedes estar seguro de que obtendr\u00e1s un producto de calidad. El filtro de esponja interno es ideal para la filtraci\u00f3n mec\u00e1nica y biol\u00f3gica.<\/p>\n","protected":false},"excerpt":{"rendered":"<p>La esponja filtrante interna XY-2811de Xinyou es la elecci\u00f3n perfecta para mantener el agua de tu acuario limpia y saludable. Con la marca de confianza Xinyou, puedes estar seguro de que obtendr\u00e1s un producto de calidad. El filtro de esponja interno es ideal para la filtraci\u00f3n mec\u00e1nica y biol\u00f3gica.<\/p>\n","protected":false},"featured_media":2325,"comment_status":"open","ping_status":"closed","template":"","meta":{"om_disable_all_campaigns":false,"_uag_custom_page_level_css":"","_background_id":0,"_xo_background":[],"site-sidebar-layout":"default","site-content-layout":"","ast-site-content-layout":"default","site-content-style":"default","site-sidebar-style":"default","ast-global-header-display":"","ast-banner-title-visibility":"","ast-main-header-display":"","ast-hfb-above-header-display":"","ast-hfb-below-header-display":"","ast-hfb-mobile-header-display":"","site-post-title":"","ast-breadcrumbs-content":"","ast-featured-img":"","footer-sml-layout":"","ast-disable-related-posts":"","theme-transparent-header-meta":"default","adv-header-id-meta":"","stick-header-meta":"","header-above-stick-meta":"","header-main-stick-meta":"","header-below-stick-meta":"","astra-migrate-meta-layouts":"set","ast-page-background-enabled":"default","ast-page-background-meta":{"desktop":{"background-color":"","background-image":"","background-repeat":"repeat","background-position":"center center","background-size":"auto","background-attachment":"scroll","background-type":"","background-media":"","overlay-type":"","overlay-color":"","overlay-opacity":"","overlay-gradient":""},"tablet":{"background-color":"","background-image":"","background-repeat":"repeat","background-position":"center center","background-size":"auto","background-attachment":"scroll","background-type":"","background-media":"","overlay-type":"","overlay-color":"","overlay-opacity":"","overlay-gradient":""},"mobile":{"background-color":"","background-image":"","background-repeat":"repeat","background-position":"center center","background-size":"auto","background-attachment":"scroll","background-type":"","background-media":"","overlay-type":"","overlay-color":"","overlay-opacity":"","overlay-gradient":""}},"ast-content-background-meta":{"desktop":{"background-color":"var(--ast-global-color-5)","background-image":"","background-repeat":"repeat","background-position":"center center","background-size":"auto","background-attachment":"scroll","background-type":"","background-media":"","overlay-type":"","overlay-color":"","overlay-opacity":"","overlay-gradient":""},"tablet":{"background-color":"var(--ast-global-color-5)","background-image":"","background-repeat":"repeat","background-position":"center center","background-size":"auto","background-attachment":"scroll","background-type":"","background-media":"","overlay-type":"","overlay-color":"","overlay-opacity":"","overlay-gradient":""},"mobile":{"background-color":"var(--ast-global-color-5)","background-image":"","background-repeat":"repeat","background-position":"center center","background-size":"auto","background-attachment":"scroll","background-type":"","background-media":"","overlay-type":"","overlay-color":"","overlay-opacity":"","overlay-gradient":""}}},"product_brand":[],"product_cat":[124],"product_tag":[],"class_list":{"0":"post-2324","1":"product","2":"type-product","3":"status-publish","4":"has-post-thumbnail","6":"product_cat-filtros-de-esponja","7":"desktop-align-left","8":"tablet-align-left","9":"mobile-align-left","11":"first","12":"instock","13":"taxable","14":"shipping-taxable","15":"purchasable","16":"product-type-simple"},"aioseo_notices":[],"uagb_featured_image_src":{"full":["https:\/\/elcristal.co\/wp-content\/uploads\/2024\/03\/Esponja-De-Filtro-Interno-Xy-2811-XINYOU.jpg",1080,1080,false],"thumbnail":["https:\/\/elcristal.co\/wp-content\/uploads\/2024\/03\/Esponja-De-Filtro-Interno-Xy-2811-XINYOU-150x150.jpg",150,150,true],"medium":["https:\/\/elcristal.co\/wp-content\/uploads\/2024\/03\/Esponja-De-Filtro-Interno-Xy-2811-XINYOU-300x300.jpg",300,300,true],"medium_large":["https:\/\/elcristal.co\/wp-content\/uploads\/2024\/03\/Esponja-De-Filtro-Interno-Xy-2811-XINYOU-768x768.jpg",768,768,true],"large":["https:\/\/elcristal.co\/wp-content\/uploads\/2024\/03\/Esponja-De-Filtro-Interno-Xy-2811-XINYOU-1024x1024.jpg",1024,1024,true],"1536x1536":["https:\/\/elcristal.co\/wp-content\/uploads\/2024\/03\/Esponja-De-Filtro-Interno-Xy-2811-XINYOU.jpg",1080,1080,false],"2048x2048":["https:\/\/elcristal.co\/wp-content\/uploads\/2024\/03\/Esponja-De-Filtro-Interno-Xy-2811-XINYOU.jpg",1080,1080,false],"woocommerce_thumbnail":["https:\/\/elcristal.co\/wp-content\/uploads\/2024\/03\/Esponja-De-Filtro-Interno-Xy-2811-XINYOU-300x300.jpg",300,300,true],"woocommerce_single":["https:\/\/elcristal.co\/wp-content\/uploads\/2024\/03\/Esponja-De-Filtro-Interno-Xy-2811-XINYOU-600x600.jpg",600,600,true],"woocommerce_gallery_thumbnail":["https:\/\/elcristal.co\/wp-content\/uploads\/2024\/03\/Esponja-De-Filtro-Interno-Xy-2811-XINYOU-100x100.jpg",100,100,true]},"uagb_author_info":{"display_name":"pecerasacuamaro","author_link":"https:\/\/elcristal.co\/?author=0"},"uagb_comment_info":0,"uagb_excerpt":"La esponja filtrante interna XY-2811de Xinyou es la elecci\u00f3n perfecta para mantener el agua de tu acuario limpia y saludable. Con la marca de confianza Xinyou, puedes estar seguro de que obtendr\u00e1s un producto de calidad. El filtro de esponja interno es ideal para la filtraci\u00f3n mec\u00e1nica y biol\u00f3gica.","jetpack_sharing_enabled":true,"_links":{"self":[{"href":"https:\/\/elcristal.co\/index.php?rest_route=\/wp\/v2\/product\/2324","targetHints":{"allow":["GET"]}}],"collection":[{"href":"https:\/\/elcristal.co\/index.php?rest_route=\/wp\/v2\/product"}],"about":[{"href":"https:\/\/elcristal.co\/index.php?rest_route=\/wp\/v2\/types\/product"}],"replies":[{"embeddable":true,"href":"https:\/\/elcristal.co\/index.php?rest_route=%2Fwp%2Fv2%2Fcomments&post=2324"}],"wp:featuredmedia":[{"embeddable":true,"href":"https:\/\/elcristal.co\/index.php?rest_route=\/wp\/v2\/media\/2325"}],"wp:attachment":[{"href":"https:\/\/elcristal.co\/index.php?rest_route=%2Fwp%2Fv2%2Fmedia&parent=2324"}],"wp:term":[{"taxonomy":"product_brand","embeddable":true,"href":"https:\/\/elcristal.co\/index.php?rest_route=%2Fwp%2Fv2%2Fproduct_brand&post=2324"},{"taxonomy":"product_cat","embeddable":true,"href":"https:\/\/elcristal.co\/index.php?rest_route=%2Fwp%2Fv2%2Fproduct_cat&post=2324"},{"taxonomy":"product_tag","embeddable":true,"href":"https:\/\/elcristal.co\/index.php?rest_route=%2Fwp%2Fv2%2Fproduct_tag&post=2324"}],"curies":[{"name":"wp","href":"https:\/\/api.w.org\/{rel}","templated":true}]}}